{"id":154,"date":"2018-11-13T14:38:56","date_gmt":"2018-11-13T14:38:56","guid":{"rendered":"http:\/\/koios.hr\/?page_id=154"},"modified":"2020-10-20T10:58:09","modified_gmt":"2020-10-20T10:58:09","slug":"pravne-napomene","status":"publish","type":"page","link":"https:\/\/koios.hr\/hr\/pravne-napomene\/","title":{"rendered":"Pravne napomene"},"content":{"rendered":"<h2>Koios savjetovanje d.o.o.<\/h2>\n<p>Koios savjetovanje dru\u0161tvo s ograni\u010denom odgovorno\u0161\u0107u za analiti\u010dka informati\u010dka rje\u0161enja<\/p>\n<p>Koios consulting Ltd. for Design and Implementation of Analytical Computing Solutions<\/p>\n<p><strong>VAT:<\/strong> HR32365846456<br \/>\n<strong>MBS:<\/strong> 080642294, upisan kod Trgova\u010dkog suda u Zagrebu<br \/>\n<strong>OIB:<\/strong> 32365846456<br \/>\n<strong>Temeljni kapital:<\/strong> 200.000,00 kn, upla\u0107en u cijelosti<\/p>\n<p><strong>Direktori<\/strong><br \/>\nStjepan Pavlek Posavec<br \/>\nIvana Dobri\u0107<br \/>\nNino Surjan<\/p>\n<hr \/>\n<p><img decoding=\"async\" class=\"alignnone size-full wp-image-282\" src=\"http:\/\/koios.hr\/wp-content\/uploads\/2018\/11\/EU_funding_logos_hr_HR.svg\" alt=\"\" \/><\/p>\n<p><strong>Naziv projekta:<\/strong>\u00a0Izrada poslovne mre\u017ene stranice www.koios.hr<\/p>\n<p>Koios savjetovanje d.o.o. korisnik je bespovratnih sredstava za projekt &#8220;Izrada poslovne mre\u017ene stranice www.koios.hr&#8221;, kod projekta\u00a0KK.03.2.1.17.0026, financiranog iz Europskih strukturnih i investicijskih fondova (Operativni program Poslovna konkurentnost).<\/p>\n<p><strong>Kratak opis projekta:<\/strong> Provo\u0111enjem projekta Izrada poslovnih mre\u017enih stranica www.koios.hr tvrtka \u0107e oja\u010dati tr\u017ei\u0161nu poziciju i pove\u0107ati konkurentnost tvrtke primjenom mre\u017enih marketin\u0161kih rje\u0161enja u prezentiranju i prodaji proizvoda i usluga te time izravno pridonijeti razvoju informacijskog dru\u0161tva u RH.<\/p>\n<p><strong>Ciljevi projekta:<\/strong> Osnovni cilj projekta je ja\u010danje tr\u017ei\u0161ne pozicije i pove\u0107anje konkurentnosti tvrtke pobolj\u0161anom primjenom mre\u017enih marketin\u0161kih rje\u0161enja \u010dime se izravno utje\u010de na pobolj\u0161anje vidljivosti tvrtke i njenih usluga na tr\u017ei\u0161tu.<\/p>\n<p><strong>Razdoblje provedbe projekta:<\/strong>\u00a0od 1. listopada 2018. do 1. travnja 2019.<\/p>\n<p><strong>Ukupna vrijednost projekta:<\/strong>\u00a0122.000,00 HRK<\/p>\n<p><strong>Iznos koji sufinancira EU:<\/strong> 85.400,00 HRK<\/p>\n<p><strong>Rezultati projekta: <\/strong>Izra\u0111ena poslovna mre\u017ena stranica www.koios.hr<\/p>\n<p><strong>Kontakt osoba za vi\u0161e informacija:<\/strong> Stjepan Pavlek Posavec, direktor<\/p>\n<p>Web stranica europskih strukturnih fondova:\u00a0<a href=\"https:\/\/strukturnifondovi.hr\/\">https:\/\/strukturnifondovi.hr\/<\/a><\/p>\n<p>Web stranica operativnog programa:\u00a0https:\/\/strukturnifondovi.hr\/eu-fondovi\/esi-fondovi-2014-2020\/op-konkurentnost-i-kohezija\/<\/p>\n<hr \/>\n<h2>Obavijest o privatnosti<\/h2>\n<p>Ova obavijest o privatnosti obavje\u0161tava Vas o na\u010dinu na koji obra\u0111ujemo Va\u0161e osobne podatke kada stupite u kontakt s nama ili koristite jednu od na\u0161ih usluga u skladu s Uredbom (EU) 2016\/679 Europskog parlamenta i Vije\u0107a (dalje u tekstu: Op\u0107a uredba o za\u0161titi podataka).<\/p>\n<p>Koios savjetovanje d.o.o. je voditelj obrade za osobne podatke koje obra\u0111ujemo (osim ako nije druga\u010dije navedeno), sa sljede\u0107im podacima:<\/p>\n<p>Adresa: Radni\u010dka cesta 37a, 10000 Zagreb<br \/>\nOIB: 32365846456<br \/>\nAdresa elektroni\u010dke po\u0161te: info@koios.hr<\/p>\n<hr \/>\n<h3>Prikupljanje informacija<\/h3>\n<h4>Informacije koje nam Vi pru\u017eite<\/h4>\n<p>Neke osobne podatke koje obra\u0111ujemo izravno dobijemo od Vas kad koristite na\u0161e usluge na web stranici www.koios.hr (preuzimate ili pregledavate sadr\u017eaj web stranice; pru\u017eate informacije i kontaktne podatke). Kao rezultat tih postupaka, mo\u017eete nam dostaviti informacije kao \u0161to su: Va\u0161e ime, prezime, email, adresa i telefonski broj, sadr\u017eaj e-mailova koje ste nam poslali.<\/p>\n<h4>Informacije koje automatski obra\u0111ujemo<\/h4>\n<p>Automatski primamo i obra\u0111ujemo odre\u0111ene vrste podataka kada koristite na\u0161u web stranicu. Putem kola\u010di\u0107a i drugih jedinstvenih identifikatora dobivamo odre\u0111ene vrste podataka kada Va\u0161 web-preglednik pristupa stranici www.koios.hr. Primjeri podataka koje prikupljamo i analiziramo uklju\u010duju podatke o ure\u0111aju kao \u0161to su upotreba ure\u0111aja, upotreba aplikacija, podaci o povezivanju i eventualne pogre\u0161ke.<\/p>\n<h4>Informacije koje dobivamo iz drugih izvora<\/h4>\n<p>Informacije koje mo\u017eemo primati iz drugih izvora uklju\u010duju javno dostupne osobne podatke.<\/p>\n<hr \/>\n<h3>Prava ispitanika<\/h3>\n<p>U slu\u010daju da obra\u0111ujemo Va\u0161e podatke, u svakom trenutku imate sljede\u0107a prava:<\/p>\n<ul>\n<li>pravo na pristup podacima i uvid u podatke;<\/li>\n<li>pravo na informiranost o obradi osobnih podataka;<\/li>\n<li>pravo na podno\u0161enje prigovora;<\/li>\n<li>pravo na ispravak i promjenu osobnih podataka u slu\u010daju ako su podaci nepotpuni ili neto\u010dni;<\/li>\n<li>pravo na brisanje u slu\u010dajevima kao \u0161to su prestanak svrhe obrade, povla\u010denje privole ili u slu\u010daju podno\u0161enja prigovora.<\/li>\n<\/ul>\n<p>Ako \u017eelite ostvariti neko od navedenih prava, kontaktirajte nas emailom na: info@koios.hr<\/p>\n<hr \/>\n<h3>Dijeljenje osobnih podataka<\/h3>\n<p>Va\u0161e osobne podatke ne\u0107emo dijeliti s tre\u0107im stranama.<\/p>\n<p>U nekim okolnostima zakonski smo du\u017eni podijeliti informacije. Na primjer, prema sudskom nalogu ili u suradnji s drugim europskim nadzornim tijelima u rje\u0161avanju pritu\u017ebi ili istraga. Tako\u0111er, mo\u017eemo podijeliti informacije s drugim regulatornim tijelima kako bismo unaprijedili svoje ili njihove ciljeve. U svakom slu\u010daju, mi \u0107emo se uvjeriti da imamo zakonsku osnovu na temelju koje \u0107emo podijeliti informacije te \u0107emo dokumentirati na\u0161e dono\u0161enje odluka.<\/p>\n<h4>Prijenos iz Europskog gospodarskog prostora<\/h4>\n<p>Uvijek kada prenosimo osobne podatke izvan EU tijekom dijeljenja informacija kao \u0161to je gore navedeno, osigurat \u0107emo da se informacije prenesu u skladu s ovom Obavijesti o privatnosti i kako je to dopu\u0161teno prema va\u017ee\u0107im zakonima i uredbama o za\u0161titi osobnih podataka.<\/p>\n<p>Kada nam kao kontakt podatak date email adresu (npr. Gmail), koja koristi email servere izvan Europske unije, iznosit \u0107emo sadr\u017eaj emaila izvan EU.<\/p>\n<hr \/>\n<h3>Linkovi na druge web stranice<\/h3>\n<p>Na\u0161a web stranica mo\u017ee uklju\u010divati linkove na druge web stranice. U slu\u010daju linkova na druge web stranice preporu\u010dujemo Vam da pro\u010ditate obavijesti o privatnosti na drugim web stranicama koje posje\u0107ujete.<\/p>\n<hr \/>\n<h3>Kola\u010di\u0107i<\/h3>\n<p>Kola\u010di\u0107i su male tekstualne datoteke koje se pohranjuju na Va\u0161em ra\u010dunalu ili mobilnom ure\u0111aju te su kreirane prema web stranicama koje posje\u0107ujete. Kola\u010di\u0107i dozvoljavaju web stranici da \u201ezapamti\u201c akcije posjetitelja iz prethodnih posjeta. Koristimo kola\u010di\u0107e kako bi na\u0161e web-lokacije bolje funkcionirale i radile u\u010dinkovitije te da bi nam omogu\u0107ili dodatne potrebne informacije.<\/p>\n<p>Ovi kola\u010di\u0107i su neophodni za pobolj\u0161avanje funkcionalnosti rada na\u0161e web stranice. Pravni temelj obrade osnovnih kola\u010di\u0107a je \u010dlanak 6. stavak 1. to\u010dka (f) legitimni interes poslovanja.<\/p>\n<p>Kola\u010di\u0107i koje koristimo su sljede\u0107i:<\/p>\n<p><strong>firstrun<\/strong><br \/>\nSvrha: spre\u010davanje animacije logotipa kod svakog sljede\u0107eg posjeta<br \/>\nBrisanje: nakon 1 g.<\/p>\n<p><strong>ginger-cookie<\/strong><br \/>\nSvrha: bilje\u017eenje pristanka na kori\u0161tenje cookieja<br \/>\nBrisanje: nakon 1 g.<\/p>\n<p><strong>Universal Analytics Google-a: ( _ga; _gat; _gid)<\/strong><\/p>\n<p>Ovi se kola\u010di\u0107i koriste za prikupljanje podataka o tome kako posjetitelji koriste na\u0161u web stranicu. Pomo\u0107u tih informacija sastavljamo izvje\u0161\u0107a i pobolj\u0161avamo web stranicu. Kola\u010di\u0107i prikupljaju informacije u anonimnom obliku, uklju\u010duju\u0107i broj posjetitelja web stranice, s koje web stranice su posjetitelji do\u0161li te stranice koje su posjetili. Pro\u010ditajte <a href=\"https:\/\/support.google.com\/analytics\/answer\/6004245\">Googleovu obavijest o privatnosti i \u010duvanju podataka<\/a>.<\/p>\n<p>Ve\u0107ina web preglednika dopu\u0161ta kontrolu kola\u010di\u0107a kroz postavke preglednika. Da biste saznali vi\u0161e o kola\u010di\u0107ima, uklju\u010duju\u0107i i kako vidjeti kola\u010di\u0107e, posjetite <a href=\"http:\/\/www.allaboutcookies.org\">http:\/\/www.allaboutcookies.org<\/a>.<\/p>\n<p>Da biste isklju\u010dili pra\u0107enje Google Analyticsa na svim web-lokacijama, posjetite <a href=\"http:\/\/tools.google.com\/dlpage\/gaoptout\">http:\/\/tools.google.com\/dlpage\/gaoptout<\/a>.<\/p>\n<hr \/>\n<h3>Posjetitelji web stranice<\/h3>\n<h4>Analitika<\/h4>\n<p>Kada posjetite na\u0161u web stranicu, koristimo uslugu tre\u0107e strane, Google Analytics, za prikupljanje standardnih podataka internetskih zapisa i pojedinosti o uzorcima pona\u0161anja posjetitelja. To \u010dinimo kako bismo saznali broj posjetitelja na razli\u010ditim dijelovima web stranice. Ove se informacije obra\u0111uju samo na na\u010din koji ne identificira ikoga. Ne izvr\u0161avamo i ne dopu\u0161tamo Googleu da izvr\u0161i bilo koji poku\u0161aj otkrivanja identiteta onih koji posje\u0107uju na\u0161u web stranicu.<\/p>\n<h4>Svrha i pravna osnova za obradu<\/h4>\n<p>Svrha za provedbu svih gore navedenih obrada je odr\u017eavanje i pra\u0107enje performansi na\u0161e internetske stranice te kontinuirano pobolj\u0161anje stranice i usluga koje nudimo na\u0161im korisnicima. Pravna osnova za obradu Va\u0161ih osobnih podataka je \u010dlanak 6. (1) (f) Op\u0107e uredba o za\u0161titi podataka, koji nam omogu\u0107uje obradu osobnih podataka kada je to nu\u017eno u svrhu na\u0161eg legitimnog interesa.<\/p>\n<h4>Koja su va\u0161a prava?<\/h4>\n<p>Kako obra\u0111ujemo Va\u0161e osobne podatke za na\u0161e legitimne interese, kao \u0161to je gore navedeno, imate pravo prigovora na na\u0161u obradu Va\u0161ih osobnih podataka. Postoji opravdani razlog zbog kojeg mo\u017eemo odbiti va\u0161 prigovor koji ovisi o tome za\u0161to ga obra\u0111ujemo. Vi\u0161e informacija o Va\u0161im pravima potra\u017eite u odjeljku \u201cPrava ispitanika\u201c.<\/p>\n<hr \/>\n<h3>Upravljanje kontaktnim podacima<\/h3>\n<p>Va\u0161e kontaktne podatke \u010duvamo u elektroni\u010dkom, enkriptiranom obliku i kontaktirat \u0107emo Vas ako ste nam poslali upit ili prigovor. Rok \u010duvanja podataka je do godinu dana nakon rje\u0161avanja upita ili prigovora.<\/p>\n<hr \/>\n<h3>Obrada osobnih podataka kandidata<\/h3>\n<h4>Svrha obrade i pravna osnova za obradu<\/h4>\n<p>Va\u0161e osobne podatke koje prikupljamo tijekom selekcijskog postupka koristit \u0107emo samo u svrhu dono\u0161enja odluke o zapo\u0161ljavanju za poziciju za koju ste podnijeli zahtjev.<\/p>\n<p>Pravna osnova obrade Va\u0161ih osobnih podataka je to\u010dka 1.b. \u010dlanka 6 Op\u0107e uredbe o za\u0161titi podataka, koja se odnosi na obradu potrebnu za izvr\u0161enje ugovora ili poduzimanje radnji na Va\u0161 zahtjev prije sklapanja ugovora.<\/p>\n<p>Pru\u017eanje osobnih podataka tijekom selekcijskog postupka nu\u017eno je u svrhu dono\u0161enja odluke o zapo\u0161ljavanju za poziciju za koju ste podnijeli zahtjev. Ne prikupljamo vi\u0161e podataka nego \u0161to je potrebno i ne\u0107emo ih dr\u017eati dulje nego \u0161to je potrebno. Nemate obvezu pru\u017eanja osobnih podataka, ali to mo\u017ee imati utjecaj na dono\u0161enje odluke o zapo\u0161ljavanju.<\/p>\n<h4>Razdoblje obrade osobnih podataka<\/h4>\n<p>Osobne podatke potencijalnih kandidata \u010duvamo najvi\u0161e 4 godina od datuma prijave. U slu\u010daju prijave otvorenom molbom u na\u0161u bazu kandidata, osobne podatke potencijalnih kandidata \u010duvamo najvi\u0161e 4 godina od datuma prijave.\u00a0U bilo kojem trenutku mo\u017eete tra\u017eiti da bri\u0161emo sve Va\u0161e podatke iz na\u0161e baze potencijalnih kandidata.<\/p>\n<h4>Prava kandidata<\/h4>\n<p>O pravima kandidata vi\u0161e mo\u017eete \u010ditati na linku \u00abPrava ispitanika\u00bb.<\/p>\n<h4>Izvr\u0161itelj obrade<\/h4>\n<p>Za radna mjesta ponekad se ogla\u0161avamo putem www.moj-posao.hr ili www.posao.hr. Oni \u0107e prikupljati informacije o prijavi i zatra\u017eiti od Vas da popunite upitnik.\u00a0S izvr\u0161iteljem obrade potpisujemo ugovor u skladu s \u010dlankom 28 Op\u0107e uredbe o za\u0161titi podataka i izvr\u0161itelj \u0107e morati po\u0161tivati sve zakonske obveze za za\u0161titu osobnih podataka.<\/p>\n<hr \/>\n<h3>Va\u0161e pravo na prigovor<\/h3>\n<p>Radimo prema visokim standardima kada je rije\u010d o obradi Va\u0161ih osobnih podataka. Ako imate pitanja ili nedoumica, kontaktirajte nas na adresi info@koios.hr i odgovorit \u0107emo na Va\u0161e upite.<\/p>\n","protected":false},"excerpt":{"rendered":"<p>Koios savjetovanje d.o.o. Koios savjetovanje dru\u0161tvo s ograni\u010denom odgovorno\u0161\u0107u za analiti\u010dka informati\u010dka rje\u0161enja Koios consulting Ltd. for Design and Implementation of Analytical Computing Solutions VAT: HR32365846456 MBS: 080642294, upisan kod Trgova\u010dkog suda u Zagrebu OIB: 32365846456 Temeljni kapital: 200.000,00 kn, upla\u0107en u cijelosti Direktori Stjepan Pavlek Posavec Ivana Dobri\u0107 Nino Surjan Naziv projekta:\u00a0Izrada poslovne mre\u017ene [&hellip;]<\/p>\n","protected":false},"author":1,"featured_media":0,"parent":0,"menu_order":0,"comment_status":"closed","ping_status":"closed","template":"","meta":{"inline_featured_image":false,"_exactmetrics_skip_tracking":false,"_exactmetrics_sitenote_active":false,"_exactmetrics_sitenote_note":"","_exactmetrics_sitenote_category":0,"footnotes":""},"aioseo_notices":[],"_links":{"self":[{"href":"https:\/\/koios.hr\/hr\/wp-json\/wp\/v2\/pages\/154"}],"collection":[{"href":"https:\/\/koios.hr\/hr\/wp-json\/wp\/v2\/pages"}],"about":[{"href":"https:\/\/koios.hr\/hr\/wp-json\/wp\/v2\/types\/page"}],"author":[{"embeddable":true,"href":"https:\/\/koios.hr\/hr\/wp-json\/wp\/v2\/users\/1"}],"replies":[{"embeddable":true,"href":"https:\/\/koios.hr\/hr\/wp-json\/wp\/v2\/comments?post=154"}],"version-history":[{"count":19,"href":"https:\/\/koios.hr\/hr\/wp-json\/wp\/v2\/pages\/154\/revisions"}],"predecessor-version":[{"id":549,"href":"https:\/\/koios.hr\/hr\/wp-json\/wp\/v2\/pages\/154\/revisions\/549"}],"wp:attachment":[{"href":"https:\/\/koios.hr\/hr\/wp-json\/wp\/v2\/media?parent=154"}],"curies":[{"name":"wp","href":"https:\/\/api.w.org\/{rel}","templated":true}]}}